{"id":155,"date":"2022-02-02T14:15:47","date_gmt":"2022-02-02T13:15:47","guid":{"rendered":"http:\/\/kia-kaha.fr\/?page_id=155"},"modified":"2022-03-16T17:12:25","modified_gmt":"2022-03-16T16:12:25","slug":"formation-coaching-mentoring","status":"publish","type":"page","link":"https:\/\/kia-kaha.fr\/?page_id=155","title":{"rendered":"FORMATION, COACHING &#038; MENTORING"},"content":{"rendered":"\n<div class=\"wp-block-columns alignwide grandintroCoaching is-layout-flex wp-container-core-columns-is-layout-9d6595d7 wp-block-columns-is-layout-flex\">\n<div class=\"wp-block-column is-layout-flow wp-block-column-is-layout-flow\">\n<div class=\"wp-block-columns is-layout-flex wp-container-core-columns-is-layout-9d6595d7 wp-block-columns-is-layout-flex\">\n<div class=\"wp-block-column is-layout-flow wp-block-column-is-layout-flow\" style=\"flex-basis:55%\"><\/div>\n\n\n\n<div class=\"wp-block-column is-layout-flow wp-block-column-is-layout-flow\" style=\"flex-basis:45%\">\n<div class=\"PetitblocIntro\">\n<h1>FORMATION, COACHING &amp; MENTORING <\/h1>\n<h2>Management, Consulting Ev\u00e9nementiel <\/h2>\n<p>La gestion de projet repose avant tout sur une m\u00e9ticuleuse analyse des ressources existantes, la d\u00e9finition des objectifs \u00e0 atteindre et enfin la d\u00e9termination de l\u2019approche la plus coh\u00e9rente et efficace pour y parvenir. Fort de son exp\u00e9rience dans ce domaine, KIA KAHA a su d\u00e9velopper une savante adaptabilit\u00e9 et polyvalence qui sont une solide base d\u00e9clinable \u00e0 tout type de projets, quelle qu\u2019en soit la nature.<\/p>\n<\/div>\n<\/div>\n<\/div>\n<\/div>\n<\/div>\n\n\n\n<div class=\"wp-block-columns alignwide is-layout-flex wp-container-core-columns-is-layout-9d6595d7 wp-block-columns-is-layout-flex\">\n<div class=\"wp-block-column is-layout-flow wp-block-column-is-layout-flow\" style=\"flex-basis:55%\">\n<p class=\"SecondParagraphe\">C\u2019est dans ces conditions qu\u2019un large champ des possibles s\u2019offre \u00e0 vous d\u00e8s lors que KIA KAHA peut aussi bien intervenir sur des d\u00e9marches individuelles que collectives (voire les 2 combin\u00e9es) ceci dans le milieu de l\u2019entreprise, l\u2019institutionnel, l\u2019enseignement\u2026 qu\u2019ils soient publics ou priv\u00e9s. \nIntervention unique ou ponctuelle <\/p>\n<\/div>\n\n\n\n<div class=\"wp-block-column is-layout-flow wp-block-column-is-layout-flow\" style=\"flex-basis:45%\"><\/div>\n<\/div>\n\n\n\n<div class=\"wp-block-columns alignwide is-layout-flex wp-container-core-columns-is-layout-9d6595d7 wp-block-columns-is-layout-flex\">\n<div class=\"wp-block-column is-layout-flow wp-block-column-is-layout-flow\">\n<p class=\"listActiv\">\nIntervention unique <br> ou ponctuelle\n<\/p>\n<\/div>\n\n\n\n<div class=\"wp-block-column is-layout-flow wp-block-column-is-layout-flow\">\n<p class=\"listActiv\">\nFormation moyen <br> long terme\n<\/p>\n<\/div>\n\n\n\n<div class=\"wp-block-column is-layout-flow wp-block-column-is-layout-flow\">\n<p class=\"listActiv\">\nAteliers pratiques <br> Mises en Situation\n<\/p>\n<\/div>\n\n\n\n<div class=\"wp-block-column is-layout-flow wp-block-column-is-layout-flow\">\n<p class=\"listActiv\">\nTeam building &amp; Coh\u00e9sion <br>Collective\n<\/p>\n<\/div>\n<\/div>\n\n\n\n<div class=\"wp-block-columns alignwide is-layout-flex wp-container-core-columns-is-layout-9d6595d7 wp-block-columns-is-layout-flex\">\n<div class=\"wp-block-column is-layout-flow wp-block-column-is-layout-flow\">\n<p class=\"listActiv\">\nConstitution <br> D\u00e9veloppement d\u2019\u00e9quipe \n<\/p>\n<\/div>\n\n\n\n<div class=\"wp-block-column is-layout-flow wp-block-column-is-layout-flow\">\n<p class=\"listActiv\">\nMentorat <br>Accompagnement de projet\n<\/p>\n<\/div>\n\n\n\n<div class=\"wp-block-column is-layout-flow wp-block-column-is-layout-flow\">\n<p class=\"listActiv\">\nCoaching professionnel <br> ou personnel\n<\/p>\n<\/div>\n\n\n\n<div class=\"wp-block-column is-layout-flow wp-block-column-is-layout-flow\">\n<p class=\"listActiv\">\nD\u00e9veloppement de Soi <br> R\u00e9flexion Personnelle\n<\/p>\n<\/div>\n<\/div>\n\n\n\n<div class=\"wp-block-columns alignwide fondFormation is-layout-flex wp-container-core-columns-is-layout-9d6595d7 wp-block-columns-is-layout-flex\">\n<div class=\"wp-block-column is-layout-flow wp-block-column-is-layout-flow\">\n<p class=\"SecondParagrapheActives\">Quels que soient vos projets et les objectifs \u00e0 atteindre, la m\u00e9thodologie demeure la m\u00eame et repose sur la volont\u00e9 de vous aiguiller afin que vous trouviez vous-m\u00eames les r\u00e9ponses et puissiez prendre conscience de votre potentiel et le stimuler. Il s\u2019agit davantage d\u2019un accompagnement guid\u00e9 que d\u2019un encadrement o\u00f9 les solutions sont donn\u00e9es sans la moindre vocation au d\u00e9veloppement.<br>\n\nKIA KAHA s\u2019appuie beaucoup sur les valeurs du sport, notamment du rugby, adaptables par nature au monde de l\u2019entreprise et \u00e0 la soci\u00e9t\u00e9 de mani\u00e8re g\u00e9n\u00e9rale. La solidarit\u00e9, la combativit\u00e9, l\u2019esprit d\u2019\u00e9quipe, la compl\u00e9mentarit\u00e9, la convivialit\u00e9, \u2026 autant de fondamentaux qui tendent \u00e0 malheureusement s\u2019estomper dans un monde de plus en plus individualiste et qui pourtant servent l\u2019int\u00e9r\u00eat collectif. Tout commence par vous !\n<\/p>\n\n.<p><\/p>\n<\/div>\n<\/div>\n\n\n\n<h2 class=\"confiance\"> Ils nous font confiance <\/h2>\n\n\n\n<figure class=\"wp-block-image alignwide size-full\"><img loading=\"lazy\" decoding=\"async\" width=\"920\" height=\"108\" src=\"http:\/\/kia-kaha.fr\/wp-content\/uploads\/2022\/02\/LogosPartenairesActivites.jpg\" alt=\"\" class=\"wp-image-170\" srcset=\"https:\/\/kia-kaha.fr\/wp-content\/uploads\/2022\/02\/LogosPartenairesActivites.jpg 920w, https:\/\/kia-kaha.fr\/wp-content\/uploads\/2022\/02\/LogosPartenairesActivites-300x35.jpg 300w, https:\/\/kia-kaha.fr\/wp-content\/uploads\/2022\/02\/LogosPartenairesActivites-768x90.jpg 768w\" sizes=\"auto, (max-width: 920px) 100vw, 920px\" \/><\/figure>\n\n\n\n<div class=\"wp-block-columns alignfull is-layout-flex wp-container-core-columns-is-layout-9d6595d7 wp-block-columns-is-layout-flex\" id=\"banniereCitation2\">\n<div class=\"wp-block-column is-layout-flow wp-block-column-is-layout-flow\">\n<div class=\"wp-block-columns is-layout-flex wp-container-core-columns-is-layout-9d6595d7 wp-block-columns-is-layout-flex\">\n<div class=\"wp-block-column is-layout-flow wp-block-column-is-layout-flow\">\n<p class=\"has-text-align-center has-large-font-size\">\u00ab \u00ab Je tenais \u00e0 vous remercier pour votre intervention aupr\u00e8s des L3 Staps Management, qui \u00e9tait tr\u00e8s touchante humainement et int\u00e9ressante professionnellement. Je trouve que c\u2019est tr\u00e8s bien que vous interveniez dans les \u00e9tablissements et pense que c\u2019est important pour les \u00e9tudiants d\u2019avoir devant eux des personnes qui ont beaucoup d\u2019exp\u00e9rience dans les secteurs qui peuvent leur para\u00eetre encore flous pour le moment. Il faut aussi le dire quand l\u2019intervention est top ! \ud83d\ude03 \u00bb\n\n<br><strong>M\u00e9lody RAND \u2013 Etudiante L3 Staps  Management Promotion 2021-22<\/strong> <\/p>\n<\/div>\n\n\n\n<div class=\"wp-block-column is-layout-flow wp-block-column-is-layout-flow\">\n<p class=\"has-text-align-center has-large-font-size\">\u00ab Cela fait plaisir de voir un professionnel aussi exp\u00e9riment\u00e9 que Vincent parler avec autant de passion et de simplicit\u00e9 de son m\u00e9tier avec les \u00e9tudiants de l&rsquo;universit\u00e9. Tr\u00e8s bon orateur, il a su les captiver pour transmettre ses valeurs et les inspirer.\n\nFort d&rsquo;innombrables anecdotes qui appuient son exp\u00e9rience remarquable, je n&rsquo;h\u00e9siterais pas \u00e0 le solliciter \u00e0 nouveau ! \u00bb<br><strong>Matthieu Addo \u2013 Responsable Alternance MOS (Management des Organisations Sportives)<\/strong><\/p>\n<\/div>\n\n\n\n<div class=\"wp-block-column is-layout-flow wp-block-column-is-layout-flow\">\n<p class=\"has-text-align-center has-large-font-size\">\u00ab Dans le cadre du mentorat avec le Centre d\u2019Entrepreneuriat, Vincent sait faire preuve de compr\u00e9hension et d\u2019adaptation pour accompagner au mieux les projets qui lui sont propos\u00e9s. Il sait notamment comment faire prendre du recul \u00e0 un porteur de projet mais \u00e9galement s\u2019engager avec lui pour le faire passer \u00e0 l\u2019action. \u00bb \n <br><strong>Pac\u00f4me PHILIPPE &#8211; Ing\u00e9nieur Mentorat et Charg\u00e9 de mission D2E &#038; SNEE<\/strong>\n<\/p>\n<\/div>\n\n\n\n<div class=\"wp-block-column is-layout-flow wp-block-column-is-layout-flow\">\n<p class=\"has-text-align-center has-large-font-size\">\u201cVincent nous a mentor\u00e9 Durant notre d\u00e9placement \u00e0 Lyon et nous a prodigu\u00e9 de nombreux conseils et ce particuli\u00e8rement dans le domaine marketing\/vente que nous avons vraiment pu appr\u00e9cier \u00e0 leur juste valeur ! Il s\u2019est  \u00e9norm\u00e9ment impliquer pour nous faire profiter de son solide r\u00e9seau en organisant de nombreuses rencontres avec les meilleurs acteurs locaux tels le LOU Rugby ou encore la Tony Parker Academy \u2013 I a \u00e9galement pris sur son temps personnel pour nous faire d\u00e9couvrir Lyon et sa culture. Globalement nous lui sommes sinc\u00e8rement reconnaissants et entendons naturellement poursuivre cette relation et aventure commenc\u00e9e ensemble ! \u00bb<br><strong>L\u2019Equipe SAIGE ANALYTICS<\/strong>  <\/p>\n<\/div>\n<\/div>\n<\/div>\n<\/div>\n","protected":false},"excerpt":{"rendered":"<p>FORMATION, COACHING &amp; MENTORING Management, Consulting Ev\u00e9nementiel La gestion de projet repose avant tout sur une m\u00e9ticuleuse analyse des ressources existantes, la d\u00e9finition des objectifs \u00e0 atteindre et enfin la d\u00e9termination de l\u2019approche la plus coh\u00e9rente et efficace pour y parvenir. Fort de son exp\u00e9rience dans ce domaine, KIA KAHA a su d\u00e9velopper une savante&hellip; <a class=\"more-link\" href=\"https:\/\/kia-kaha.fr\/?page_id=155\">Poursuivre la lecture <span class=\"screen-reader-text\">FORMATION, COACHING &#038; MENTORING<\/span><\/a><\/p>\n","protected":false},"author":1,"featured_media":0,"parent":0,"menu_order":0,"comment_status":"closed","ping_status":"closed","template":"PageVincent.php","meta":{"_eb_attr":"","footnotes":""},"class_list":["post-155","page","type-page","status-publish","hentry","entry"],"yoast_head":"<!-- This site is optimized with the Yoast SEO plugin v18.0 - https:\/\/yoast.com\/wordpress\/plugins\/seo\/ -->\n<title>Formation, Coaching, Mentoring | Kia Kaha Gestion de projets<\/title>\n<meta name=\"description\" content=\"KIA KAHA s\u2019appuie sur les valeurs du sport, notamment du rugby, adaptables par nature au monde de l\u2019entreprise et \u00e0 la soci\u00e9t\u00e9 de mani\u00e8re g\u00e9n\u00e9rale.\" \/>\n<meta name=\"robots\" content=\"index, follow, max-snippet:-1, max-image-preview:large, max-video-preview:-1\" \/>\n<link rel=\"canonical\" href=\"https:\/\/kia-kaha.fr\/?page_id=155\" \/>\n<meta property=\"og:locale\" content=\"fr_FR\" \/>\n<meta property=\"og:type\" content=\"article\" \/>\n<meta property=\"og:title\" content=\"Formation, Coaching, Mentoring | Kia Kaha Gestion de projets\" \/>\n<meta property=\"og:description\" content=\"KIA KAHA s\u2019appuie sur les valeurs du sport, notamment du rugby, adaptables par nature au monde de l\u2019entreprise et \u00e0 la soci\u00e9t\u00e9 de mani\u00e8re g\u00e9n\u00e9rale.\" \/>\n<meta property=\"og:url\" content=\"https:\/\/kia-kaha.fr\/?page_id=155\" \/>\n<meta property=\"og:site_name\" content=\"Kia Kaha\" \/>\n<meta property=\"article:modified_time\" content=\"2022-03-16T16:12:25+00:00\" \/>\n<meta property=\"og:image\" content=\"http:\/\/kia-kaha.fr\/wp-content\/uploads\/2022\/02\/LogosPartenairesActivites.jpg\" \/>\n<meta name=\"twitter:card\" content=\"summary_large_image\" \/>\n<meta name=\"twitter:label1\" content=\"Dur\u00e9e de lecture estim\u00e9e\" \/>\n\t<meta name=\"twitter:data1\" content=\"4 minutes\" \/>\n<script type=\"application\/ld+json\" class=\"yoast-schema-graph\">{\"@context\":\"https:\/\/schema.org\",\"@graph\":[{\"@type\":\"WebSite\",\"@id\":\"https:\/\/kia-kaha.fr\/#website\",\"url\":\"https:\/\/kia-kaha.fr\/\",\"name\":\"Kia Kaha\",\"description\":\"Slogan Vincent\",\"potentialAction\":[{\"@type\":\"SearchAction\",\"target\":{\"@type\":\"EntryPoint\",\"urlTemplate\":\"https:\/\/kia-kaha.fr\/?s={search_term_string}\"},\"query-input\":\"required name=search_term_string\"}],\"inLanguage\":\"fr-FR\"},{\"@type\":\"ImageObject\",\"@id\":\"https:\/\/kia-kaha.fr\/?page_id=155#primaryimage\",\"inLanguage\":\"fr-FR\",\"url\":\"http:\/\/kia-kaha.fr\/wp-content\/uploads\/2022\/02\/LogosPartenairesActivites.jpg\",\"contentUrl\":\"http:\/\/kia-kaha.fr\/wp-content\/uploads\/2022\/02\/LogosPartenairesActivites.jpg\"},{\"@type\":\"WebPage\",\"@id\":\"https:\/\/kia-kaha.fr\/?page_id=155#webpage\",\"url\":\"https:\/\/kia-kaha.fr\/?page_id=155\",\"name\":\"Formation, Coaching, Mentoring | Kia Kaha Gestion de projets\",\"isPartOf\":{\"@id\":\"https:\/\/kia-kaha.fr\/#website\"},\"primaryImageOfPage\":{\"@id\":\"https:\/\/kia-kaha.fr\/?page_id=155#primaryimage\"},\"datePublished\":\"2022-02-02T13:15:47+00:00\",\"dateModified\":\"2022-03-16T16:12:25+00:00\",\"description\":\"KIA KAHA s\u2019appuie sur les valeurs du sport, notamment du rugby, adaptables par nature au monde de l\u2019entreprise et \u00e0 la soci\u00e9t\u00e9 de mani\u00e8re g\u00e9n\u00e9rale.\",\"breadcrumb\":{\"@id\":\"https:\/\/kia-kaha.fr\/?page_id=155#breadcrumb\"},\"inLanguage\":\"fr-FR\",\"potentialAction\":[{\"@type\":\"ReadAction\",\"target\":[\"https:\/\/kia-kaha.fr\/?page_id=155\"]}]},{\"@type\":\"BreadcrumbList\",\"@id\":\"https:\/\/kia-kaha.fr\/?page_id=155#breadcrumb\",\"itemListElement\":[{\"@type\":\"ListItem\",\"position\":1,\"name\":\"Accueil\",\"item\":\"https:\/\/kia-kaha.fr\/\"},{\"@type\":\"ListItem\",\"position\":2,\"name\":\"FORMATION, COACHING &#038; MENTORING\"}]}]}<\/script>\n<!-- \/ Yoast SEO plugin. -->","yoast_head_json":{"title":"Formation, Coaching, Mentoring | Kia Kaha Gestion de projets","description":"KIA KAHA s\u2019appuie sur les valeurs du sport, notamment du rugby, adaptables par nature au monde de l\u2019entreprise et \u00e0 la soci\u00e9t\u00e9 de mani\u00e8re g\u00e9n\u00e9rale.","robots":{"index":"index","follow":"follow","max-snippet":"max-snippet:-1","max-image-preview":"max-image-preview:large","max-video-preview":"max-video-preview:-1"},"canonical":"https:\/\/kia-kaha.fr\/?page_id=155","og_locale":"fr_FR","og_type":"article","og_title":"Formation, Coaching, Mentoring | Kia Kaha Gestion de projets","og_description":"KIA KAHA s\u2019appuie sur les valeurs du sport, notamment du rugby, adaptables par nature au monde de l\u2019entreprise et \u00e0 la soci\u00e9t\u00e9 de mani\u00e8re g\u00e9n\u00e9rale.","og_url":"https:\/\/kia-kaha.fr\/?page_id=155","og_site_name":"Kia Kaha","article_modified_time":"2022-03-16T16:12:25+00:00","og_image":[{"url":"http:\/\/kia-kaha.fr\/wp-content\/uploads\/2022\/02\/LogosPartenairesActivites.jpg"}],"twitter_card":"summary_large_image","twitter_misc":{"Dur\u00e9e de lecture estim\u00e9e":"4 minutes"},"schema":{"@context":"https:\/\/schema.org","@graph":[{"@type":"WebSite","@id":"https:\/\/kia-kaha.fr\/#website","url":"https:\/\/kia-kaha.fr\/","name":"Kia Kaha","description":"Slogan Vincent","potentialAction":[{"@type":"SearchAction","target":{"@type":"EntryPoint","urlTemplate":"https:\/\/kia-kaha.fr\/?s={search_term_string}"},"query-input":"required name=search_term_string"}],"inLanguage":"fr-FR"},{"@type":"ImageObject","@id":"https:\/\/kia-kaha.fr\/?page_id=155#primaryimage","inLanguage":"fr-FR","url":"http:\/\/kia-kaha.fr\/wp-content\/uploads\/2022\/02\/LogosPartenairesActivites.jpg","contentUrl":"http:\/\/kia-kaha.fr\/wp-content\/uploads\/2022\/02\/LogosPartenairesActivites.jpg"},{"@type":"WebPage","@id":"https:\/\/kia-kaha.fr\/?page_id=155#webpage","url":"https:\/\/kia-kaha.fr\/?page_id=155","name":"Formation, Coaching, Mentoring | Kia Kaha Gestion de projets","isPartOf":{"@id":"https:\/\/kia-kaha.fr\/#website"},"primaryImageOfPage":{"@id":"https:\/\/kia-kaha.fr\/?page_id=155#primaryimage"},"datePublished":"2022-02-02T13:15:47+00:00","dateModified":"2022-03-16T16:12:25+00:00","description":"KIA KAHA s\u2019appuie sur les valeurs du sport, notamment du rugby, adaptables par nature au monde de l\u2019entreprise et \u00e0 la soci\u00e9t\u00e9 de mani\u00e8re g\u00e9n\u00e9rale.","breadcrumb":{"@id":"https:\/\/kia-kaha.fr\/?page_id=155#breadcrumb"},"inLanguage":"fr-FR","potentialAction":[{"@type":"ReadAction","target":["https:\/\/kia-kaha.fr\/?page_id=155"]}]},{"@type":"BreadcrumbList","@id":"https:\/\/kia-kaha.fr\/?page_id=155#breadcrumb","itemListElement":[{"@type":"ListItem","position":1,"name":"Accueil","item":"https:\/\/kia-kaha.fr\/"},{"@type":"ListItem","position":2,"name":"FORMATION, COACHING &#038; MENTORING"}]}]}},"_links":{"self":[{"href":"https:\/\/kia-kaha.fr\/index.php?rest_route=\/wp\/v2\/pages\/155","targetHints":{"allow":["GET"]}}],"collection":[{"href":"https:\/\/kia-kaha.fr\/index.php?rest_route=\/wp\/v2\/pages"}],"about":[{"href":"https:\/\/kia-kaha.fr\/index.php?rest_route=\/wp\/v2\/types\/page"}],"author":[{"embeddable":true,"href":"https:\/\/kia-kaha.fr\/index.php?rest_route=\/wp\/v2\/users\/1"}],"replies":[{"embeddable":true,"href":"https:\/\/kia-kaha.fr\/index.php?rest_route=%2Fwp%2Fv2%2Fcomments&post=155"}],"version-history":[{"count":41,"href":"https:\/\/kia-kaha.fr\/index.php?rest_route=\/wp\/v2\/pages\/155\/revisions"}],"predecessor-version":[{"id":675,"href":"https:\/\/kia-kaha.fr\/index.php?rest_route=\/wp\/v2\/pages\/155\/revisions\/675"}],"wp:attachment":[{"href":"https:\/\/kia-kaha.fr\/index.php?rest_route=%2Fwp%2Fv2%2Fmedia&parent=155"}],"curies":[{"name":"wp","href":"https:\/\/api.w.org\/{rel}","templated":true}]}}