{"id":2,"date":"2022-01-24T18:18:21","date_gmt":"2022-01-24T17:18:21","guid":{"rendered":"http:\/\/kia-kaha.fr\/?page_id=2"},"modified":"2022-09-09T17:35:37","modified_gmt":"2022-09-09T15:35:37","slug":"home","status":"publish","type":"page","link":"https:\/\/kia-kaha.fr\/","title":{"rendered":"Accueil"},"content":{"rendered":"\n<div class=\"wp-block-columns alignwide grandintroHome is-layout-flex wp-container-core-columns-is-layout-9d6595d7 wp-block-columns-is-layout-flex\">\n<div class=\"wp-block-column is-layout-flow wp-block-column-is-layout-flow\">\n<div class=\"wp-block-columns is-layout-flex wp-container-core-columns-is-layout-9d6595d7 wp-block-columns-is-layout-flex\">\n<div class=\"wp-block-column is-layout-flow wp-block-column-is-layout-flow\" style=\"flex-basis:55%\"><\/div>\n\n\n\n<div class=\"wp-block-column is-layout-flow wp-block-column-is-layout-flow\" style=\"flex-basis:45%\">\n<div class=\"PetitblocIntro\">\n<h1>KIA KAHA <\/h1>\n<h2>Management, Consulting Ev\u00e9nementiel <\/h2>\n<p>KIA KAHA est une Agence de Consulting sp\u00e9cialis\u00e9e dans le Management de Projets Ev\u00e9nementiels. Fond\u00e9e en 2021 par Vincent DELMAS, elle a pour vocation premi\u00e8re de r\u00e9pondre \u00e0 un besoin d\u2019adaptation de notre M\u00e9tier face aux \u00e9volutions et incertitudes du contexte \u00e9conomique global. Pouvoir s\u2019appuyer sur une Expertise \u00ab&nbsp;\u00e0 la carte&nbsp;\u00bb finement cibl\u00e9e en fonction des ressources et des exigences (type de mission, dur\u00e9e, destination\u2026etc) s\u2019impose comme une r\u00e9elle n\u00e9cessit\u00e9 pour notre activit\u00e9, dont l\u2019aspect cyclique et volatile a montr\u00e9 ses limites. \n<\/p>\n<\/div>\n<\/div>\n<\/div>\n<\/div>\n<\/div>\n\n\n\n<div class=\"wp-block-columns alignwide BLOC2 is-layout-flex wp-container-core-columns-is-layout-9d6595d7 wp-block-columns-is-layout-flex\">\n<div class=\"wp-block-column is-layout-flow wp-block-column-is-layout-flow\" style=\"flex-basis:66.66%\">\n<p class=\"SecondParagraphe\">\n<strong>KIA KAHA est une expression Maori &#8211; \u201cSois Fort&nbsp;\u00bb &#8211; qui incarne la puissance \u00e0 d\u00e9ployer face aux challenges les plus complexes que la vie met sur n\u00f4tre chemin afin de les d\u00e9passer.<\/strong> <br>\nKIA KAHA devient ainsi votre premier alli\u00e9 et vous accompagne en mettant toute son exp\u00e9rience, son expertise et son dense r\u00e9seau international au service de la r\u00e9ussite de vos projets. En pla\u00e7ant l\u2019individu au centre de la d\u00e9marche, KIA KAHA met en avant sa volont\u00e9 de contribuer \u00e0 un \u00e9panouissement \u00e0 la fois  personnel et collectif dans le MANAgement de Projets, au-del\u00e0 d\u2019en assurer le succ\u00e8s (Mana&nbsp;: pouvoir en Maori).\nEt la force ne se r\u00e9sume pas uniquement \u00e0 sa dimension physique, mais rel\u00e8ve \u00e9galement de l\u2019univers mental et \u00e9motionnel, dont la synergie garantit l\u2019optimisation des r\u00e9sultats.\n<\/p>\n<\/div>\n\n\n\n<div class=\"wp-block-column is-layout-flow wp-block-column-is-layout-flow\" style=\"flex-basis:33.33%\">\n<figure class=\"wp-block-image size-full is-style-default\"><img loading=\"lazy\" decoding=\"async\" width=\"550\" height=\"550\" src=\"http:\/\/kia-kaha.fr\/wp-content\/uploads\/2022\/02\/KiakahaNoir.jpg\" alt=\"\" class=\"wp-image-266\" srcset=\"https:\/\/kia-kaha.fr\/wp-content\/uploads\/2022\/02\/KiakahaNoir.jpg 550w, https:\/\/kia-kaha.fr\/wp-content\/uploads\/2022\/02\/KiakahaNoir-300x300.jpg 300w, https:\/\/kia-kaha.fr\/wp-content\/uploads\/2022\/02\/KiakahaNoir-150x150.jpg 150w\" sizes=\"auto, (max-width: 550px) 100vw, 550px\" \/><\/figure>\n<\/div>\n<\/div>\n\n\n\n<div class=\"wp-block-columns alignwide grandactivites is-layout-flex wp-container-core-columns-is-layout-9d6595d7 wp-block-columns-is-layout-flex\">\n<div class=\"wp-block-column is-layout-flow wp-block-column-is-layout-flow\" style=\"flex-basis:55%\" id=\"AccordeonVincent\">\n<h2 class=\"wp-block-heading\" id=\"nos-activites\"> Nos activit\u00e9s <\/h2>\n\n\n\n<div class=\"su-accordion su-u-trim\">\n\n\n\n\n\n<div class=\"su-spoiler su-spoiler-style-fancy su-spoiler-icon-plus\" data-scroll-offset=\"0\" data-anchor-in-url=\"no\"><div class=\"su-spoiler-title\" tabindex=\"0\" role=\"button\"><span class=\"su-spoiler-icon\"><\/span>Consulting et Management de Projets Ev\u00e9nementiels<\/div><div class=\"su-spoiler-content su-u-clearfix su-u-trim\"> \n<p class=\"eb-accordion-content\">Gr\u00e2ce \u00e0 sa parfaite maitrise en management de projets, KIA KAHA prend \u00e0 son compte la gestion int\u00e9grale de v\u00f4tre projet ou intervient en acupuncture sur des \u00e9l\u00e9ments pr\u00e9cis cibl\u00e9s que vous souhaitez d\u00e9l\u00e9guer.&nbsp;<br>De la conceptualisation \u00e9v\u00e9nementielle \u00e0 l\u2019op\u00e9rationnel terrain, en int\u00e9grant la production, le commercial\/marketing, etc. c\u2019est un r\u00e9el savoir-faire et une m\u00e9thodologie compl\u00e8te qui sont mis au service de la r\u00e9ussite de vos projets.\n<br><br><a class=\"boutonSavoirPlus\" href=\"http:\/\/kia-kaha.fr\/?page_id=225\"> En Savoir + <\/a><\/p>\n <\/div><\/div>\n\n\n<div class=\"su-spoiler su-spoiler-style-fancy su-spoiler-icon-plus su-spoiler-closed\" data-scroll-offset=\"0\" data-anchor-in-url=\"no\"><div class=\"su-spoiler-title\" tabindex=\"0\" role=\"button\"><span class=\"su-spoiler-icon\"><\/span>Formation, Coaching &amp; Mentoring<\/div><div class=\"su-spoiler-content su-u-clearfix su-u-trim\"><p class=\"eb-accordion-content\">Echanger, former, motiver, progresser\u2026 Qu\u2019il s\u2019agisse d\u2019une d\u00e9marche individuelle ou collective, dans la sph\u00e8re professionnelle ou personnelle, KIA KAHA vous accompagne dans l\u2019atteinte des objectifs fix\u00e9s ensemble pour d\u00e9couvrir et r\u00e9v\u00e9ler votre potentiel et d\u00e9velopper la meilleure version de vous-m\u00eame.<br>Interventions, s\u00e9ances personnalis\u00e9es, exercices de groupe, mise en pratique, \u2026 \u00e0 chaque besoin son format et sa solution adapt\u00e9e&nbsp;! \n<br><br><a class=\"boutonSavoirPlus\" href=\"http:\/\/kia-kaha.fr\/?page_id=155\"> En Savoir + <\/a><\/p> <\/div><\/div>\n\n\n<div class=\"su-spoiler su-spoiler-style-fancy su-spoiler-icon-plus su-spoiler-closed\" data-scroll-offset=\"0\" data-anchor-in-url=\"no\"><div class=\"su-spoiler-title\" tabindex=\"0\" role=\"button\"><span class=\"su-spoiler-icon\"><\/span>D\u00e9veloppement RSE&nbsp;(Responsabilit\u00e9 Sociale des Entreprises) &amp; Humanitaire<\/div><div class=\"su-spoiler-content su-u-clearfix su-u-trim\"> <p class=\"eb-accordion-content\">KIA KAHA a \u00e9galement d\u00e9velopp\u00e9 son Association Loi 1901 du m\u00eame nom pour assister ceux qui sont dans le besoin, notamment dans la continuit\u00e9 de la mission humanitaire engag\u00e9e au Kenya. Ainsi KIA KAHA vous conduit dans la mise en place de votre politique RSE et vous permet de devenir un acteur engag\u00e9 aupr\u00e8s d\u2019\u0153uvres ayant du sens pour votre entreprise et ses valeurs. La d\u00e9marche est aussi enti\u00e8rement envisageable dans le cadre d\u2019une d\u00e9marche personnelle avec par exemple l\u2019implication au c\u0153ur d\u2019une mission humanitaire sur le terrain.<br><br><a class=\"boutonSavoirPlus\" href=\"http:\/\/kia-kaha.fr\/?page_id=204\"> En Savoir + <\/a><\/p> <\/div><\/div>\n<\/div>\n\n<\/div>\n\n\n\n<div class=\"wp-block-column imageActi is-layout-flow wp-block-column-is-layout-flow\" style=\"flex-basis:45%\">\n<figure class=\"wp-block-image size-large\"><img loading=\"lazy\" decoding=\"async\" width=\"1024\" height=\"768\" src=\"http:\/\/kia-kaha.fr\/wp-content\/uploads\/2022\/03\/IMG_9451-1024x768.jpg\" alt=\"\" class=\"wp-image-658\" srcset=\"https:\/\/kia-kaha.fr\/wp-content\/uploads\/2022\/03\/IMG_9451-1024x768.jpg 1024w, https:\/\/kia-kaha.fr\/wp-content\/uploads\/2022\/03\/IMG_9451-300x225.jpg 300w, https:\/\/kia-kaha.fr\/wp-content\/uploads\/2022\/03\/IMG_9451-768x576.jpg 768w, https:\/\/kia-kaha.fr\/wp-content\/uploads\/2022\/03\/IMG_9451-1536x1152.jpg 1536w, https:\/\/kia-kaha.fr\/wp-content\/uploads\/2022\/03\/IMG_9451-2048x1536.jpg 2048w, https:\/\/kia-kaha.fr\/wp-content\/uploads\/2022\/03\/IMG_9451-1568x1176.jpg 1568w\" sizes=\"auto, (max-width: 1024px) 100vw, 1024px\" \/><\/figure>\n<\/div>\n<\/div>\n\n\n\n<div class=\"wp-block-columns alignwide PhiloKiaHaka is-layout-flex wp-container-core-columns-is-layout-9d6595d7 wp-block-columns-is-layout-flex\">\n<div class=\"wp-block-column is-layout-flow wp-block-column-is-layout-flow\">\n<p class=\"SecondParagrapheActives\">Pas moins de 15 ans d\u2019exp\u00e9rience, 9 Coupes du Mondes, 5 continents, 35 pays et de nombreuses campagnes diverses et vari\u00e9es pour d\u00e9velopper une expertise pointue des grands \u00e9v\u00e9nements, une adaptabilit\u00e9 \u00e0 toute \u00e9preuve et une vocation \u00e0 partager, transmettre &amp; motiver\u2026 Associ\u00e9s \u00e0 un solide syst\u00e8me de valeurs et une g\u00e9n\u00e9reuse dose d\u2019humanit\u00e9, autant d\u2019outils que KIA KAHA met \u00e0 votre disposition pour vous soutenir \u00e0 franchir votre prochain Cap&nbsp;!\n\n\n<\/p>\n<\/div>\n<\/div>\n\n\n\n<h2 class=\"confiance\"> Ils nous font confiance <\/h2>\n\n\n\n<div class=\"wp-block-columns alignwide is-layout-flex wp-container-core-columns-is-layout-9d6595d7 wp-block-columns-is-layout-flex\">\n<div class=\"wp-block-column is-layout-flow wp-block-column-is-layout-flow\"><div class=\"wp-block-image ZoneLogos\">\n<figure class=\"aligncenter size-full\"><img loading=\"lazy\" decoding=\"async\" width=\"920\" height=\"108\" src=\"http:\/\/kia-kaha.fr\/wp-content\/uploads\/2022\/03\/LogosPartenaires.jpg\" alt=\"\" class=\"wp-image-471\" srcset=\"https:\/\/kia-kaha.fr\/wp-content\/uploads\/2022\/03\/LogosPartenaires.jpg 920w, https:\/\/kia-kaha.fr\/wp-content\/uploads\/2022\/03\/LogosPartenaires-300x35.jpg 300w, https:\/\/kia-kaha.fr\/wp-content\/uploads\/2022\/03\/LogosPartenaires-768x90.jpg 768w\" sizes=\"auto, (max-width: 920px) 100vw, 920px\" \/><\/figure>\n<\/div><\/div>\n<\/div>\n\n\n\n<div class=\"wp-block-cover alignfull\" id=\"banniereCitation\"><span aria-hidden=\"true\" class=\"wp-block-cover__background has-background-dim-100 has-background-dim\" style=\"background-color:#101010\"><\/span><div class=\"wp-block-cover__inner-container is-layout-flow wp-block-cover-is-layout-flow\">\n<p class=\"has-text-align-center has-large-font-size\">\u201cSeul on va vite, ensemble on va plus loin&nbsp;&nbsp;\u00bb<\/p>\n<\/div><\/div>\n\n\n\n<div class=\"wp-block-columns alignwide is-layout-flex wp-container-core-columns-is-layout-9d6595d7 wp-block-columns-is-layout-flex\">\n<div class=\"wp-block-column is-layout-flow wp-block-column-is-layout-flow\">\n<div class=\"zoneStories\"><h2 class=\"confiance\">Experiences recentes <\/h2> <\/div>\n<\/div>\n<\/div>\n\n\n\n<div class=\"wp-block-columns alignwide blocXp is-layout-flex wp-container-core-columns-is-layout-9d6595d7 wp-block-columns-is-layout-flex\">\n<div class=\"wp-block-column is-layout-flow wp-block-column-is-layout-flow\">\n<a href=\"http:\/\/kia-kaha.fr\/?page_id=297\"><figure class=\"wp-block-image size-full\"><img loading=\"lazy\" decoding=\"async\" width=\"808\" height=\"600\" src=\"http:\/\/kia-kaha.fr\/wp-content\/uploads\/2022\/03\/Experience1.jpg\" alt=\"\" class=\"wp-image-662\" srcset=\"https:\/\/kia-kaha.fr\/wp-content\/uploads\/2022\/03\/Experience1.jpg 808w, https:\/\/kia-kaha.fr\/wp-content\/uploads\/2022\/03\/Experience1-300x223.jpg 300w, https:\/\/kia-kaha.fr\/wp-content\/uploads\/2022\/03\/Experience1-768x570.jpg 768w\" sizes=\"auto, (max-width: 808px) 100vw, 808px\" \/><\/figure><\/a>\n<\/div>\n\n\n\n<div class=\"wp-block-column is-layout-flow wp-block-column-is-layout-flow\">\n<a href=\"http:\/\/kia-kaha.fr\/?page_id=297\"><figure class=\"wp-block-image size-full\"><img loading=\"lazy\" decoding=\"async\" width=\"808\" height=\"600\" src=\"http:\/\/kia-kaha.fr\/wp-content\/uploads\/2022\/03\/Experience2.jpg\" alt=\"\" class=\"wp-image-663\" srcset=\"https:\/\/kia-kaha.fr\/wp-content\/uploads\/2022\/03\/Experience2.jpg 808w, https:\/\/kia-kaha.fr\/wp-content\/uploads\/2022\/03\/Experience2-300x223.jpg 300w, https:\/\/kia-kaha.fr\/wp-content\/uploads\/2022\/03\/Experience2-768x570.jpg 768w\" sizes=\"auto, (max-width: 808px) 100vw, 808px\" \/><\/figure><\/a>\n<\/div>\n\n\n\n<div class=\"wp-block-column is-layout-flow wp-block-column-is-layout-flow\">\n<a href=\"http:\/\/kia-kaha.fr\/?page_id=297\"><figure class=\"wp-block-image size-full\"><img loading=\"lazy\" decoding=\"async\" width=\"808\" height=\"600\" src=\"http:\/\/kia-kaha.fr\/wp-content\/uploads\/2022\/03\/Experience3.jpg\" alt=\"\" class=\"wp-image-664\" srcset=\"https:\/\/kia-kaha.fr\/wp-content\/uploads\/2022\/03\/Experience3.jpg 808w, https:\/\/kia-kaha.fr\/wp-content\/uploads\/2022\/03\/Experience3-300x223.jpg 300w, https:\/\/kia-kaha.fr\/wp-content\/uploads\/2022\/03\/Experience3-768x570.jpg 768w\" sizes=\"auto, (max-width: 808px) 100vw, 808px\" \/><\/figure><\/a>\n<\/div>\n<\/div>\n\n\n\n<p><\/p>\n","protected":false},"excerpt":{"rendered":"<p>KIA KAHA Management, Consulting Ev\u00e9nementiel KIA KAHA est une Agence de Consulting sp\u00e9cialis\u00e9e dans le Management de Projets Ev\u00e9nementiels. Fond\u00e9e en 2021 par Vincent DELMAS, elle a pour vocation premi\u00e8re de r\u00e9pondre \u00e0 un besoin d\u2019adaptation de notre M\u00e9tier face aux \u00e9volutions et incertitudes du contexte \u00e9conomique global. Pouvoir s\u2019appuyer sur une Expertise \u00ab&nbsp;\u00e0 la&hellip; <a class=\"more-link\" href=\"https:\/\/kia-kaha.fr\/\">Poursuivre la lecture <span class=\"screen-reader-text\">Accueil<\/span><\/a><\/p>\n","protected":false},"author":2,"featured_media":0,"parent":0,"menu_order":0,"comment_status":"closed","ping_status":"closed","template":"","meta":{"_eb_attr":"","footnotes":""},"class_list":["post-2","page","type-page","status-publish","hentry","entry"],"yoast_head":"<!-- This site is optimized with the Yoast SEO plugin v18.0 - https:\/\/yoast.com\/wordpress\/plugins\/seo\/ -->\n<title>Consulting, Management de projets evenementiels | Kia Haka<\/title>\n<meta name=\"description\" content=\"Agence de Consulting par Vincent DELMAS r\u00e9ponds \u00e0 un besoin d\u2019\u00e9panouissement personnel et collectif dans le MANAgement de Projets !\" \/>\n<meta name=\"robots\" content=\"index, follow, max-snippet:-1, max-image-preview:large, max-video-preview:-1\" \/>\n<link rel=\"canonical\" href=\"https:\/\/kia-kaha.fr\/\" \/>\n<meta property=\"og:locale\" content=\"fr_FR\" \/>\n<meta property=\"og:type\" content=\"article\" \/>\n<meta property=\"og:title\" content=\"Consulting, Management de projets evenementiels | Kia Haka\" \/>\n<meta property=\"og:description\" content=\"Agence de Consulting par Vincent DELMAS r\u00e9ponds \u00e0 un besoin d\u2019\u00e9panouissement personnel et collectif dans le MANAgement de Projets !\" \/>\n<meta property=\"og:url\" content=\"https:\/\/kia-kaha.fr\/\" \/>\n<meta property=\"og:site_name\" content=\"Kia Kaha\" \/>\n<meta property=\"article:modified_time\" content=\"2022-09-09T15:35:37+00:00\" \/>\n<meta property=\"og:image\" content=\"http:\/\/kia-kaha.fr\/wp-content\/uploads\/2022\/02\/KiakahaNoir.jpg\" \/>\n<meta name=\"twitter:card\" content=\"summary_large_image\" \/>\n<meta name=\"twitter:label1\" content=\"Dur\u00e9e de lecture estim\u00e9e\" \/>\n\t<meta name=\"twitter:data1\" content=\"5 minutes\" \/>\n<script type=\"application\/ld+json\" class=\"yoast-schema-graph\">{\"@context\":\"https:\/\/schema.org\",\"@graph\":[{\"@type\":\"WebSite\",\"@id\":\"https:\/\/kia-kaha.fr\/#website\",\"url\":\"https:\/\/kia-kaha.fr\/\",\"name\":\"Kia Kaha\",\"description\":\"Slogan Vincent\",\"potentialAction\":[{\"@type\":\"SearchAction\",\"target\":{\"@type\":\"EntryPoint\",\"urlTemplate\":\"https:\/\/kia-kaha.fr\/?s={search_term_string}\"},\"query-input\":\"required name=search_term_string\"}],\"inLanguage\":\"fr-FR\"},{\"@type\":\"ImageObject\",\"@id\":\"https:\/\/kia-kaha.fr\/#primaryimage\",\"inLanguage\":\"fr-FR\",\"url\":\"http:\/\/kia-kaha.fr\/wp-content\/uploads\/2022\/02\/KiakahaNoir.jpg\",\"contentUrl\":\"http:\/\/kia-kaha.fr\/wp-content\/uploads\/2022\/02\/KiakahaNoir.jpg\"},{\"@type\":\"WebPage\",\"@id\":\"https:\/\/kia-kaha.fr\/#webpage\",\"url\":\"https:\/\/kia-kaha.fr\/\",\"name\":\"Consulting, Management de projets evenementiels | Kia Haka\",\"isPartOf\":{\"@id\":\"https:\/\/kia-kaha.fr\/#website\"},\"primaryImageOfPage\":{\"@id\":\"https:\/\/kia-kaha.fr\/#primaryimage\"},\"datePublished\":\"2022-01-24T17:18:21+00:00\",\"dateModified\":\"2022-09-09T15:35:37+00:00\",\"description\":\"Agence de Consulting par Vincent DELMAS r\u00e9ponds \u00e0 un besoin d\u2019\u00e9panouissement personnel et collectif dans le MANAgement de Projets !\",\"breadcrumb\":{\"@id\":\"https:\/\/kia-kaha.fr\/#breadcrumb\"},\"inLanguage\":\"fr-FR\",\"potentialAction\":[{\"@type\":\"ReadAction\",\"target\":[\"https:\/\/kia-kaha.fr\/\"]}]},{\"@type\":\"BreadcrumbList\",\"@id\":\"https:\/\/kia-kaha.fr\/#breadcrumb\",\"itemListElement\":[{\"@type\":\"ListItem\",\"position\":1,\"name\":\"Accueil\",\"item\":\"https:\/\/kia-kaha.fr\/\"},{\"@type\":\"ListItem\",\"position\":2,\"name\":\"Accueil\"}]}]}<\/script>\n<!-- \/ Yoast SEO plugin. -->","yoast_head_json":{"title":"Consulting, Management de projets evenementiels | Kia Haka","description":"Agence de Consulting par Vincent DELMAS r\u00e9ponds \u00e0 un besoin d\u2019\u00e9panouissement personnel et collectif dans le MANAgement de Projets !","robots":{"index":"index","follow":"follow","max-snippet":"max-snippet:-1","max-image-preview":"max-image-preview:large","max-video-preview":"max-video-preview:-1"},"canonical":"https:\/\/kia-kaha.fr\/","og_locale":"fr_FR","og_type":"article","og_title":"Consulting, Management de projets evenementiels | Kia Haka","og_description":"Agence de Consulting par Vincent DELMAS r\u00e9ponds \u00e0 un besoin d\u2019\u00e9panouissement personnel et collectif dans le MANAgement de Projets !","og_url":"https:\/\/kia-kaha.fr\/","og_site_name":"Kia Kaha","article_modified_time":"2022-09-09T15:35:37+00:00","og_image":[{"url":"http:\/\/kia-kaha.fr\/wp-content\/uploads\/2022\/02\/KiakahaNoir.jpg"}],"twitter_card":"summary_large_image","twitter_misc":{"Dur\u00e9e de lecture estim\u00e9e":"5 minutes"},"schema":{"@context":"https:\/\/schema.org","@graph":[{"@type":"WebSite","@id":"https:\/\/kia-kaha.fr\/#website","url":"https:\/\/kia-kaha.fr\/","name":"Kia Kaha","description":"Slogan Vincent","potentialAction":[{"@type":"SearchAction","target":{"@type":"EntryPoint","urlTemplate":"https:\/\/kia-kaha.fr\/?s={search_term_string}"},"query-input":"required name=search_term_string"}],"inLanguage":"fr-FR"},{"@type":"ImageObject","@id":"https:\/\/kia-kaha.fr\/#primaryimage","inLanguage":"fr-FR","url":"http:\/\/kia-kaha.fr\/wp-content\/uploads\/2022\/02\/KiakahaNoir.jpg","contentUrl":"http:\/\/kia-kaha.fr\/wp-content\/uploads\/2022\/02\/KiakahaNoir.jpg"},{"@type":"WebPage","@id":"https:\/\/kia-kaha.fr\/#webpage","url":"https:\/\/kia-kaha.fr\/","name":"Consulting, Management de projets evenementiels | Kia Haka","isPartOf":{"@id":"https:\/\/kia-kaha.fr\/#website"},"primaryImageOfPage":{"@id":"https:\/\/kia-kaha.fr\/#primaryimage"},"datePublished":"2022-01-24T17:18:21+00:00","dateModified":"2022-09-09T15:35:37+00:00","description":"Agence de Consulting par Vincent DELMAS r\u00e9ponds \u00e0 un besoin d\u2019\u00e9panouissement personnel et collectif dans le MANAgement de Projets !","breadcrumb":{"@id":"https:\/\/kia-kaha.fr\/#breadcrumb"},"inLanguage":"fr-FR","potentialAction":[{"@type":"ReadAction","target":["https:\/\/kia-kaha.fr\/"]}]},{"@type":"BreadcrumbList","@id":"https:\/\/kia-kaha.fr\/#breadcrumb","itemListElement":[{"@type":"ListItem","position":1,"name":"Accueil","item":"https:\/\/kia-kaha.fr\/"},{"@type":"ListItem","position":2,"name":"Accueil"}]}]}},"_links":{"self":[{"href":"https:\/\/kia-kaha.fr\/index.php?rest_route=\/wp\/v2\/pages\/2","targetHints":{"allow":["GET"]}}],"collection":[{"href":"https:\/\/kia-kaha.fr\/index.php?rest_route=\/wp\/v2\/pages"}],"about":[{"href":"https:\/\/kia-kaha.fr\/index.php?rest_route=\/wp\/v2\/types\/page"}],"author":[{"embeddable":true,"href":"https:\/\/kia-kaha.fr\/index.php?rest_route=\/wp\/v2\/users\/2"}],"replies":[{"embeddable":true,"href":"https:\/\/kia-kaha.fr\/index.php?rest_route=%2Fwp%2Fv2%2Fcomments&post=2"}],"version-history":[{"count":98,"href":"https:\/\/kia-kaha.fr\/index.php?rest_route=\/wp\/v2\/pages\/2\/revisions"}],"predecessor-version":[{"id":756,"href":"https:\/\/kia-kaha.fr\/index.php?rest_route=\/wp\/v2\/pages\/2\/revisions\/756"}],"wp:attachment":[{"href":"https:\/\/kia-kaha.fr\/index.php?rest_route=%2Fwp%2Fv2%2Fmedia&parent=2"}],"curies":[{"name":"wp","href":"https:\/\/api.w.org\/{rel}","templated":true}]}}