{"id":294,"date":"2022-02-07T15:03:30","date_gmt":"2022-02-07T14:03:30","guid":{"rendered":"http:\/\/kia-kaha.fr\/?page_id=294"},"modified":"2022-03-14T12:57:09","modified_gmt":"2022-03-14T11:57:09","slug":"about-vincent","status":"publish","type":"page","link":"https:\/\/kia-kaha.fr\/?page_id=294","title":{"rendered":"About Vincent"},"content":{"rendered":"\n<div class=\"wp-block-columns alignwide grandabout is-layout-flex wp-container-core-columns-is-layout-9d6595d7 wp-block-columns-is-layout-flex\">\n<div class=\"wp-block-column is-layout-flow wp-block-column-is-layout-flow\">\n<div class=\"wp-block-columns blocAbout is-layout-flex wp-container-core-columns-is-layout-9d6595d7 wp-block-columns-is-layout-flex\">\n<div class=\"wp-block-column is-layout-flow wp-block-column-is-layout-flow\" style=\"flex-basis:55%\"><\/div>\n\n\n\n<div class=\"wp-block-column is-layout-flow wp-block-column-is-layout-flow\" style=\"flex-basis:45%\">\n<div class=\"PetitblocIntro\">\n<h1>ABOUT VINCENT<\/h1>\n<h2>Work Hard, Play Hard<\/h2>\n<p>Vincent DELMAS, c\u2019est avant tout un passionn\u00e9 de rugby originaire du Cantal, \nayant ainsi \u00e9volu\u00e9 dans un berceau propice \u00e0 d\u00e9velopper un solide syst\u00e8me de valeurs et une certaine philosophie de vie. <\/p>\n<\/div>\n<\/div>\n<\/div>\n<\/div>\n<\/div>\n\n\n\n<div class=\"wp-block-columns alignwide BLOC2 is-layout-flex wp-container-core-columns-is-layout-9d6595d7 wp-block-columns-is-layout-flex\">\n<div class=\"wp-block-column is-layout-flow wp-block-column-is-layout-flow\" style=\"flex-basis:66.66%\">\n<p class=\"SecondParagraphe\">\nOuvert vers l\u2019autre et curieux de diversit\u00e9 culturelle, il \u00e9largira tr\u00e8s vite ses horizons \u00e0 travers sa passion pour le voyage. \nCes diverses aspirations associ\u00e9es l\u2019ancreront rapidement et durablement dans l\u2019Industrie de l\u2019Ev\u00e9nementiel Sportif &amp; Touristique o\u00f9 il s\u2019imposera comme un sp\u00e9cialiste des \u00e9v\u00e9nements sportifs majeurs. Sa polyvalence et son adaptabilit\u00e9 font de lui un expert en management de projets, ceci quels que soient l\u2019\u00e9v\u00e9nement, la discipline ou la destination, en maitrisant toutes les phases de A \u00e0 Z.\n<br>\nApr\u00e8s une carri\u00e8re aboutie dans ce secteur il d\u00e9cidera de recoller \u00e0 ses valeurs et donner davantage de sens \u00e0 ses actions, ce qui le conduira sur une mission humanitaire au Kenya, catalyseur de bien des \u00e9volutions aussi bien professionnelles que personnelles. C\u2019est ainsi qu\u2019il d\u00e9veloppera KIA KAHA pour partager et mettre \u00e0 disposition son exp\u00e9rience et son expertise, mais surtout orienter sa m\u00e9thodologie au service de l\u2019Humain et de l\u2019\u00e9panouissement tant individuel que collectif \ncomme il l\u2019avait d\u00e9j\u00e0 entrepris auparavant, notamment avec ses interventions en tant que Formateur.<\/p>\n<\/div>\n\n\n\n<div class=\"wp-block-column is-layout-flow wp-block-column-is-layout-flow\" style=\"flex-basis:33.33%\">\n<figure class=\"wp-block-image size-full is-style-default\"><img decoding=\"async\" src=\"http:\/\/kia-kaha.fr\/wp-content\/uploads\/2022\/01\/VincentSTade.png\" alt=\"\" class=\"wp-image-266\"\/><\/figure>\n\n\n\n<figure class=\"wp-block-image size-large is-style-default\"><img loading=\"lazy\" decoding=\"async\" width=\"850\" height=\"1024\" src=\"http:\/\/kia-kaha.fr\/wp-content\/uploads\/2022\/03\/PhotoAboutVincent-850x1024.jpg\" alt=\"\" class=\"wp-image-469\" srcset=\"https:\/\/kia-kaha.fr\/wp-content\/uploads\/2022\/03\/PhotoAboutVincent-850x1024.jpg 850w, https:\/\/kia-kaha.fr\/wp-content\/uploads\/2022\/03\/PhotoAboutVincent-249x300.jpg 249w, https:\/\/kia-kaha.fr\/wp-content\/uploads\/2022\/03\/PhotoAboutVincent-768x925.jpg 768w, https:\/\/kia-kaha.fr\/wp-content\/uploads\/2022\/03\/PhotoAboutVincent.jpg 857w\" sizes=\"auto, (max-width: 850px) 100vw, 850px\" \/><\/figure>\n<\/div>\n<\/div>\n\n\n\n<div class=\"wp-block-columns alignwide PhiloKiaHaka is-layout-flex wp-container-core-columns-is-layout-9d6595d7 wp-block-columns-is-layout-flex\">\n<div class=\"wp-block-column is-layout-flow wp-block-column-is-layout-flow\">\n<p class=\"SecondParagrapheActives\">Vincent, c\u2019est enfin une haute exigence et un professionnalisme \u00e0 toute \u00e9preuve, subtilement \u00e9quilibr\u00e9s avec une belle dose d\u2019humanit\u00e9 et de convivialit\u00e9 \u2013 l\u2019illustration m\u00eame du c\u00e9l\u00e8bre\n<br> \u00ab&nbsp;Work Hard, Play Hard&nbsp;\u00bb. <br>Son pass\u00e9 de sportif lui conf\u00e8re un esprit d\u2019\u00e9quipe et le leadership d\u2019un capitaine qui m\u00e8ne par l\u2019exemple, au service d\u2019une soif de relever perp\u00e9tuellement de nouveaux challenges avec succ\u00e8s.\n<br> Un bon co\u00e9quipier sur le terrain comme en dehors&nbsp;!\n<\/p>\n<\/div>\n<\/div>\n\n\n\n<div class=\"wp-block-columns alignwide is-layout-flex wp-container-core-columns-is-layout-9d6595d7 wp-block-columns-is-layout-flex\">\n<div class=\"wp-block-column is-layout-flow wp-block-column-is-layout-flow\">\n<div class=\"wp-block-accordion-toggle-accordion-toggle wp-block-block-accordion eb-accordion-container toggleAboutVincent\"><div class=\"eb-accordion-container eb-accordion-wlrhos2\" data-accordion-type=\"accordion\" data-tab-icon=\"fas fa-angle-right\" data-expanded-icon=\"fas fa-angle-down\"><div class=\"eb-accordion-inner\"><div class=\"eb-accordion-wrapper eb-accordion-hidden\"><div class=\"eb-accordion-title-wrapper\"><span class=\"eb-accordion-icon-wrapper\"><span class=\"fas fa-angle-right eb-accordion-icon\"><\/span><\/span><h3 class=\"eb-accordion-title\"><code><span class=\"chiffrevincent\">01<\/span>Environnement \/ Durabilit\u00e9<\/code><\/h3><\/div><div class=\"eb-accordion-content-wrapper\"><p class=\"eb-accordion-content\"><code>\u27a2 Parce qu\u2019il n\u2019y a pas de petit gestes pour pr\u00e9server la plan\u00e8te \u00e0 toutes les \u00e9chelles<\/code><\/p><\/div><\/div><div class=\"eb-accordion-wrapper eb-accordion-hidden\"><div class=\"eb-accordion-title-wrapper\"><span class=\"eb-accordion-icon-wrapper\"><span class=\"fas fa-angle-right eb-accordion-icon\"><\/span><\/span><h3 class=\"eb-accordion-title\"><code><span class=\"chiffrevincent\">02<\/span>Humanit\u00e9 \/ Passion<\/code><\/h3><\/div><div class=\"eb-accordion-content-wrapper\"><p class=\"eb-accordion-content\"><code>\u27a2 Mettre du c\u0153ur \u00e0 l\u2019ouvrage, et de l\u2019ouvrage au c\u0153ur !<\/code><\/p><\/div><\/div><div class=\"eb-accordion-wrapper eb-accordion-hidden\"><div class=\"eb-accordion-title-wrapper\"><span class=\"eb-accordion-icon-wrapper\"><span class=\"fas fa-angle-right eb-accordion-icon\"><\/span><\/span><h3 class=\"eb-accordion-title\"><code><span class=\"chiffrevincent\">03<\/span>Exigence &amp; Qualit\u00e9 de Service<\/code><\/h3><\/div><div class=\"eb-accordion-content-wrapper\"><p class=\"eb-accordion-content\"><code>\u27a2 Le souci du d\u00e9tail pour ne rien laisser au hasard<\/code><\/p><\/div><\/div><div class=\"eb-accordion-wrapper eb-accordion-hidden\"><div class=\"eb-accordion-title-wrapper\"><span class=\"eb-accordion-icon-wrapper\"><span class=\"fas fa-angle-right eb-accordion-icon\"><\/span><\/span><h3 class=\"eb-accordion-title\"><code><span class=\"chiffrevincent\">04<\/span>Adaptabilit\u00e9<\/code><\/h3><\/div><div class=\"eb-accordion-content-wrapper\"><p class=\"eb-accordion-content\"><code>\u27a2 \u00catre \u00e0 l\u2019\u00e9coute de son environnement pour mieux s\u2019y fondre : la technique du cam\u00e9l\u00e9on est un gage de satisfaction<\/code><\/p><\/div><\/div><div class=\"eb-accordion-wrapper eb-accordion-hidden\"><div class=\"eb-accordion-title-wrapper\"><span class=\"eb-accordion-icon-wrapper\"><span class=\"fas fa-angle-right eb-accordion-icon\"><\/span><\/span><h3 class=\"eb-accordion-title\"><code><span class=\"chiffrevincent\">05<\/span>Comp\u00e9titivit\u00e9 \/ R\u00e9ussite<\/code><\/h3><\/div><div class=\"eb-accordion-content-wrapper\"><p class=\"eb-accordion-content\"><code>\u27a2 Esprit comp\u00e9titif et rage de vaincre<\/code><\/p><\/div><\/div><div class=\"eb-accordion-wrapper eb-accordion-hidden\"><div class=\"eb-accordion-title-wrapper\"><span class=\"eb-accordion-icon-wrapper\"><span class=\"fas fa-angle-right eb-accordion-icon\"><\/span><\/span><h3 class=\"eb-accordion-title\"><code><span class=\"chiffrevincent\">06<\/span>Convivialit\u00e9 \/ S\u00e9r\u00e9nit\u00e9<\/code><\/h3><\/div><div class=\"eb-accordion-content-wrapper\"><p class=\"eb-accordion-content\"><code>\u27a2 Parce qu\u2019il est possible de travailler en s\u2019amusant : Work Hard Play Hard !<\/code><\/p><\/div><\/div><div class=\"eb-accordion-wrapper eb-accordion-hidden\"><div class=\"eb-accordion-title-wrapper\"><span class=\"eb-accordion-icon-wrapper\"><span class=\"fas fa-angle-right eb-accordion-icon\"><\/span><\/span><h3 class=\"eb-accordion-title\"><code><span class=\"chiffrevincent\">07<\/span>Partage \/ Echange \/ Transmission<\/code><\/h3><\/div><div class=\"eb-accordion-content-wrapper\"><p class=\"eb-accordion-content\"><code>\u27a2 Parce que l\u2019homme est un animal social et l\u2019\u00e9change lui est vital !<\/code><\/p><\/div><\/div><\/div><\/div><\/div>\n<\/div>\n<\/div>\n","protected":false},"excerpt":{"rendered":"<p>ABOUT VINCENT Work Hard, Play Hard Vincent DELMAS, c\u2019est avant tout un passionn\u00e9 de rugby originaire du Cantal, ayant ainsi \u00e9volu\u00e9 dans un berceau propice \u00e0 d\u00e9velopper un solide syst\u00e8me de valeurs et une certaine philosophie de vie. Ouvert vers l\u2019autre et curieux de diversit\u00e9 culturelle, il \u00e9largira tr\u00e8s vite ses horizons \u00e0 travers sa&hellip; <a class=\"more-link\" href=\"https:\/\/kia-kaha.fr\/?page_id=294\">Poursuivre la lecture <span class=\"screen-reader-text\">About Vincent<\/span><\/a><\/p>\n","protected":false},"author":1,"featured_media":0,"parent":0,"menu_order":0,"comment_status":"closed","ping_status":"closed","template":"PageVincent.php","meta":{"_eb_attr":"","footnotes":""},"class_list":["post-294","page","type-page","status-publish","hentry","entry"],"yoast_head":"<!-- This site is optimized with the Yoast SEO plugin v18.0 - https:\/\/yoast.com\/wordpress\/plugins\/seo\/ -->\n<title>About Vincent - Kia Kaha<\/title>\n<meta name=\"robots\" content=\"index, follow, max-snippet:-1, max-image-preview:large, max-video-preview:-1\" \/>\n<link rel=\"canonical\" href=\"https:\/\/kia-kaha.fr\/?page_id=294\" \/>\n<meta property=\"og:locale\" content=\"fr_FR\" \/>\n<meta property=\"og:type\" content=\"article\" \/>\n<meta property=\"og:title\" content=\"About Vincent - Kia Kaha\" \/>\n<meta property=\"og:description\" content=\"ABOUT VINCENT Work Hard, Play Hard Vincent DELMAS, c\u2019est avant tout un passionn\u00e9 de rugby originaire du Cantal, ayant ainsi \u00e9volu\u00e9 dans un berceau propice \u00e0 d\u00e9velopper un solide syst\u00e8me de valeurs et une certaine philosophie de vie. Ouvert vers l\u2019autre et curieux de diversit\u00e9 culturelle, il \u00e9largira tr\u00e8s vite ses horizons \u00e0 travers sa&hellip; Poursuivre la lecture About Vincent\" \/>\n<meta property=\"og:url\" content=\"https:\/\/kia-kaha.fr\/?page_id=294\" \/>\n<meta property=\"og:site_name\" content=\"Kia Kaha\" \/>\n<meta property=\"article:modified_time\" content=\"2022-03-14T11:57:09+00:00\" \/>\n<meta property=\"og:image\" content=\"http:\/\/kia-kaha.fr\/wp-content\/uploads\/2022\/01\/VincentSTade.png\" \/>\n<meta name=\"twitter:card\" content=\"summary_large_image\" \/>\n<meta name=\"twitter:label1\" content=\"Dur\u00e9e de lecture estim\u00e9e\" \/>\n\t<meta name=\"twitter:data1\" content=\"3 minutes\" \/>\n<script type=\"application\/ld+json\" class=\"yoast-schema-graph\">{\"@context\":\"https:\/\/schema.org\",\"@graph\":[{\"@type\":\"WebSite\",\"@id\":\"https:\/\/kia-kaha.fr\/#website\",\"url\":\"https:\/\/kia-kaha.fr\/\",\"name\":\"Kia Kaha\",\"description\":\"Slogan Vincent\",\"potentialAction\":[{\"@type\":\"SearchAction\",\"target\":{\"@type\":\"EntryPoint\",\"urlTemplate\":\"https:\/\/kia-kaha.fr\/?s={search_term_string}\"},\"query-input\":\"required name=search_term_string\"}],\"inLanguage\":\"fr-FR\"},{\"@type\":\"ImageObject\",\"@id\":\"https:\/\/kia-kaha.fr\/?page_id=294#primaryimage\",\"inLanguage\":\"fr-FR\",\"url\":\"http:\/\/kia-kaha.fr\/wp-content\/uploads\/2022\/01\/VincentSTade.png\",\"contentUrl\":\"http:\/\/kia-kaha.fr\/wp-content\/uploads\/2022\/01\/VincentSTade.png\"},{\"@type\":\"WebPage\",\"@id\":\"https:\/\/kia-kaha.fr\/?page_id=294#webpage\",\"url\":\"https:\/\/kia-kaha.fr\/?page_id=294\",\"name\":\"About Vincent - Kia Kaha\",\"isPartOf\":{\"@id\":\"https:\/\/kia-kaha.fr\/#website\"},\"primaryImageOfPage\":{\"@id\":\"https:\/\/kia-kaha.fr\/?page_id=294#primaryimage\"},\"datePublished\":\"2022-02-07T14:03:30+00:00\",\"dateModified\":\"2022-03-14T11:57:09+00:00\",\"breadcrumb\":{\"@id\":\"https:\/\/kia-kaha.fr\/?page_id=294#breadcrumb\"},\"inLanguage\":\"fr-FR\",\"potentialAction\":[{\"@type\":\"ReadAction\",\"target\":[\"https:\/\/kia-kaha.fr\/?page_id=294\"]}]},{\"@type\":\"BreadcrumbList\",\"@id\":\"https:\/\/kia-kaha.fr\/?page_id=294#breadcrumb\",\"itemListElement\":[{\"@type\":\"ListItem\",\"position\":1,\"name\":\"Accueil\",\"item\":\"https:\/\/kia-kaha.fr\/\"},{\"@type\":\"ListItem\",\"position\":2,\"name\":\"About Vincent\"}]}]}<\/script>\n<!-- \/ Yoast SEO plugin. -->","yoast_head_json":{"title":"About Vincent - Kia Kaha","robots":{"index":"index","follow":"follow","max-snippet":"max-snippet:-1","max-image-preview":"max-image-preview:large","max-video-preview":"max-video-preview:-1"},"canonical":"https:\/\/kia-kaha.fr\/?page_id=294","og_locale":"fr_FR","og_type":"article","og_title":"About Vincent - Kia Kaha","og_description":"ABOUT VINCENT Work Hard, Play Hard Vincent DELMAS, c\u2019est avant tout un passionn\u00e9 de rugby originaire du Cantal, ayant ainsi \u00e9volu\u00e9 dans un berceau propice \u00e0 d\u00e9velopper un solide syst\u00e8me de valeurs et une certaine philosophie de vie. Ouvert vers l\u2019autre et curieux de diversit\u00e9 culturelle, il \u00e9largira tr\u00e8s vite ses horizons \u00e0 travers sa&hellip; Poursuivre la lecture About Vincent","og_url":"https:\/\/kia-kaha.fr\/?page_id=294","og_site_name":"Kia Kaha","article_modified_time":"2022-03-14T11:57:09+00:00","og_image":[{"url":"http:\/\/kia-kaha.fr\/wp-content\/uploads\/2022\/01\/VincentSTade.png"}],"twitter_card":"summary_large_image","twitter_misc":{"Dur\u00e9e de lecture estim\u00e9e":"3 minutes"},"schema":{"@context":"https:\/\/schema.org","@graph":[{"@type":"WebSite","@id":"https:\/\/kia-kaha.fr\/#website","url":"https:\/\/kia-kaha.fr\/","name":"Kia Kaha","description":"Slogan Vincent","potentialAction":[{"@type":"SearchAction","target":{"@type":"EntryPoint","urlTemplate":"https:\/\/kia-kaha.fr\/?s={search_term_string}"},"query-input":"required name=search_term_string"}],"inLanguage":"fr-FR"},{"@type":"ImageObject","@id":"https:\/\/kia-kaha.fr\/?page_id=294#primaryimage","inLanguage":"fr-FR","url":"http:\/\/kia-kaha.fr\/wp-content\/uploads\/2022\/01\/VincentSTade.png","contentUrl":"http:\/\/kia-kaha.fr\/wp-content\/uploads\/2022\/01\/VincentSTade.png"},{"@type":"WebPage","@id":"https:\/\/kia-kaha.fr\/?page_id=294#webpage","url":"https:\/\/kia-kaha.fr\/?page_id=294","name":"About Vincent - Kia Kaha","isPartOf":{"@id":"https:\/\/kia-kaha.fr\/#website"},"primaryImageOfPage":{"@id":"https:\/\/kia-kaha.fr\/?page_id=294#primaryimage"},"datePublished":"2022-02-07T14:03:30+00:00","dateModified":"2022-03-14T11:57:09+00:00","breadcrumb":{"@id":"https:\/\/kia-kaha.fr\/?page_id=294#breadcrumb"},"inLanguage":"fr-FR","potentialAction":[{"@type":"ReadAction","target":["https:\/\/kia-kaha.fr\/?page_id=294"]}]},{"@type":"BreadcrumbList","@id":"https:\/\/kia-kaha.fr\/?page_id=294#breadcrumb","itemListElement":[{"@type":"ListItem","position":1,"name":"Accueil","item":"https:\/\/kia-kaha.fr\/"},{"@type":"ListItem","position":2,"name":"About Vincent"}]}]}},"_links":{"self":[{"href":"https:\/\/kia-kaha.fr\/index.php?rest_route=\/wp\/v2\/pages\/294","targetHints":{"allow":["GET"]}}],"collection":[{"href":"https:\/\/kia-kaha.fr\/index.php?rest_route=\/wp\/v2\/pages"}],"about":[{"href":"https:\/\/kia-kaha.fr\/index.php?rest_route=\/wp\/v2\/types\/page"}],"author":[{"embeddable":true,"href":"https:\/\/kia-kaha.fr\/index.php?rest_route=\/wp\/v2\/users\/1"}],"replies":[{"embeddable":true,"href":"https:\/\/kia-kaha.fr\/index.php?rest_route=%2Fwp%2Fv2%2Fcomments&post=294"}],"version-history":[{"count":22,"href":"https:\/\/kia-kaha.fr\/index.php?rest_route=\/wp\/v2\/pages\/294\/revisions"}],"predecessor-version":[{"id":470,"href":"https:\/\/kia-kaha.fr\/index.php?rest_route=\/wp\/v2\/pages\/294\/revisions\/470"}],"wp:attachment":[{"href":"https:\/\/kia-kaha.fr\/index.php?rest_route=%2Fwp%2Fv2%2Fmedia&parent=294"}],"curies":[{"name":"wp","href":"https:\/\/api.w.org\/{rel}","templated":true}]}}