{"id":353,"date":"2022-02-21T13:29:32","date_gmt":"2022-02-21T12:29:32","guid":{"rendered":"http:\/\/kia-kaha.fr\/?page_id=353"},"modified":"2022-03-15T17:09:55","modified_gmt":"2022-03-15T16:09:55","slug":"association-entreprise","status":"publish","type":"page","link":"https:\/\/kia-kaha.fr\/?page_id=353","title":{"rendered":"Association &#8211; Entreprise"},"content":{"rendered":"\n<div class=\"wp-block-columns alignwide grandintroEntreprise is-layout-flex wp-container-core-columns-is-layout-9d6595d7 wp-block-columns-is-layout-flex\">\n<div class=\"wp-block-column is-layout-flow wp-block-column-is-layout-flow\">\n<div class=\"wp-block-columns is-layout-flex wp-container-core-columns-is-layout-9d6595d7 wp-block-columns-is-layout-flex\">\n<div class=\"wp-block-column is-layout-flow wp-block-column-is-layout-flow\" style=\"flex-basis:55%\"><\/div>\n\n\n\n<div class=\"wp-block-column is-layout-flow wp-block-column-is-layout-flow\" style=\"flex-basis:45%\">\n<div class=\"PetitblocIntro\">\n<h1>L&rsquo;ASSOCIATION POUR LES ENTREPRISES<\/h1>\n<p>KIA KAHA est une association de loi 1901 qui vous accompagne pour d\u00e9finir et d\u00e9velopper de votre politique RSE (Responsabilit\u00e9 Sociale des Entreprises). Des par son statut \u00ab d\u2019utilit\u00e9 publique \u00bb, \nKIA KAHA ouvre  droit \u00e0 une d\u00e9fiscalisation des dons. <\/p>\n<\/div>\n<\/div>\n<\/div>\n<\/div>\n<\/div>\n\n\n\n<div class=\"wp-block-columns alignwide BLOC2 is-layout-flex wp-container-core-columns-is-layout-9d6595d7 wp-block-columns-is-layout-flex\">\n<div class=\"wp-block-column is-layout-flow wp-block-column-is-layout-flow\" style=\"flex-basis:66.66%\">\n<p class=\"SecondParagraphe\">\nKIA KAHA a ainsi d\u00e9velopp\u00e9 le concept de \u00ab D\u00e9fiscalisation Ethique \u00bb qui pr\u00e9sente l\u2019int\u00e9r\u00eat d\u2019associer ces deux \u00e9l\u00e9ments pour en maximiser les retomb\u00e9es positives. \u0152uvrez au profit de causes refl\u00e9tant les valeurs ch\u00e8res \u00e0 votre entreprise (Environnement, Sant\u00e9, Education, Coh\u00e9sion sociale \u00e0 travers le Sport) \net b\u00e9n\u00e9ficiez d\u2019une opportunit\u00e9 de d\u00e9fiscaliser intelligemment pour une gestion financi\u00e8re optimis\u00e9e.\n<br>\n<strong>Faites ainsi valoir vos implications sociales tout en faisant des \u00e9conomies d\u2019imp\u00f4ts !\nKIA KAHA apporte une r\u00e9elle valeur ajout\u00e9e en offrant l\u2019opportunit\u00e9 d\u2019une immersion sur le terrain en ad\u00e9quation avec la politique de votre entreprise. <br>\n<br>\nExemple : organisation d\u2019un challenge commercial en interne avec  la possibilit\u00e9 de remporter un voyage incentive au Kenya \u2013 quelques jours au sein de la communaut\u00e9 locale pour repr\u00e9senter l\u2019entreprise et concr\u00e9tiser le projet port\u00e9 \u2013 remise d\u2019une collecte de fournitures scolaire dans une \u00e9cole et intervention aupr\u00e8s des \u00e9l\u00e8ves \u2013 immersion \u00e0 la locale pour une exp\u00e9rience personnelle unique et enrichissante \u2013 puis itin\u00e9raire touristique pour profiter d\u2019un cofortable lodge pour un safari hors normes au Masai Mara, ou farniente sur les plages de sable blanc parmi les plus belles du Monde.\n\n\n.<\/strong><\/p>\n<\/div>\n\n\n\n<div class=\"wp-block-column is-layout-flow wp-block-column-is-layout-flow\" style=\"flex-basis:33.33%\">\n<figure class=\"wp-block-image size-large is-style-default\"><img loading=\"lazy\" decoding=\"async\" width=\"768\" height=\"1024\" src=\"http:\/\/kia-kaha.fr\/wp-content\/uploads\/2022\/03\/Photo-1-768x1024.jpg\" alt=\"\" class=\"wp-image-624\" srcset=\"https:\/\/kia-kaha.fr\/wp-content\/uploads\/2022\/03\/Photo-1-768x1024.jpg 768w, https:\/\/kia-kaha.fr\/wp-content\/uploads\/2022\/03\/Photo-1-225x300.jpg 225w, https:\/\/kia-kaha.fr\/wp-content\/uploads\/2022\/03\/Photo-1-1152x1536.jpg 1152w, https:\/\/kia-kaha.fr\/wp-content\/uploads\/2022\/03\/Photo-1-1536x2048.jpg 1536w, https:\/\/kia-kaha.fr\/wp-content\/uploads\/2022\/03\/Photo-1-1568x2091.jpg 1568w, https:\/\/kia-kaha.fr\/wp-content\/uploads\/2022\/03\/Photo-1-scaled.jpg 1920w\" sizes=\"auto, (max-width: 768px) 100vw, 768px\" \/><\/figure>\n<\/div>\n<\/div>\n\n\n<div class=\"wp-block-columns alignwide grandactivites\">&nbsp;<\/div>\n\n\n<div class=\"wp-block-column is-vertically-aligned-center is-layout-flow wp-block-column-is-layout-flow\" style=\"flex-basis:55%\" id=\"AccordeonVincent\">\n<h2 class=\"wp-block-heading\" id=\"modeEmploi\"> MODE D\u2019EMPLOI <\/h2>\n<\/div>\n\n\n\n<div class=\"wp-block-accordion-toggle-accordion-toggle alignwide\"><div class=\"eb-accordion-container eb-accordion-7evpm3a\" data-accordion-type=\"accordion\" data-tab-icon=\"fas fa-angle-right\" data-expanded-icon=\"fas fa-angle-down\"><div class=\"eb-accordion-inner\"><div class=\"eb-accordion-wrapper eb-accordion-hidden\"><div class=\"eb-accordion-title-wrapper\"><span class=\"eb-accordion-icon-wrapper\"><span class=\"fas fa-angle-right eb-accordion-icon\"><\/span><\/span><h3 class=\"eb-accordion-title\"> <code><span class=\"chiffrevincent\">Etape 1<\/span> L\u2019analyse fiscale<\/code><\/h3><\/div><div class=\"eb-accordion-content-wrapper\"><p class=\"eb-accordion-content\"> <code>Echangez avec nos adh\u00e9rents experts en d\u00e9fiscalisation pour identifier les m\u00e9canismes \u00e0 activer et les \u00e9conomies d\u2019imp\u00f4ts associ\u00e9es.<\/code><\/p><\/div><\/div><div class=\"eb-accordion-wrapper eb-accordion-hidden\"><div class=\"eb-accordion-title-wrapper\"><span class=\"eb-accordion-icon-wrapper\"><span class=\"fas fa-angle-right eb-accordion-icon\"><\/span><\/span><h3 class=\"eb-accordion-title\"> <code><span class=\"chiffrevincent\">Etape 2 <\/span>L\u2019identification d\u2019un projet humanitaire<\/code><\/h3><\/div><div class=\"eb-accordion-content-wrapper\"><p class=\"eb-accordion-content\"> <code>Choisissez la cause qui vous touche plus particuli\u00e8rement afin de donner du sens \u00e0 votre d\u00e9fiscalisation et b\u00e2tissez votre projet avec notre \u00e9quipe pour la concr\u00e9tiser. <\/code><br><code>L\u2019\u00c9DUCATION : contribuez \u00e0 permettre de bonnes conditions d\u2019enseignement en participant \u00e0 des constructions, r\u00e9novations d\u2019\u00e9coles, achat de fournitures, participation aux frais de cantines\u2026 Mwiruti Secondary School <\/code> <br>LA SANTE : soutenez la lutte contre le VIH et la malaria, avec des distributions de m\u00e9dicaments tant pour le pr\u00e9ventif que le curatif, mais engagez-vous aussi contre les effets secondaires en \u00e9paulant les veuves et jeunes mamans s\u00e9ropositives, etc\u2026 Collecte et distributions de stocks de pr\u00e9servatifs aupr\u00e8s d\u2019associations (Croix Rouge Kenyane, Ng\u2019Eyo Ngima,\u2026), centres m\u00e9dicaux et h\u00f4pitaux locaux, \u2026 Organisation de dons et collectes alimentaires pour contribuer \u00e0 nourriture les jeunes mamans et leurs enfants dans le bidonville de Langas. <br>LE SPORT : au-del\u00e0 de la sant\u00e9 physique que procure le sport, c\u2019est surtout un v\u00e9ritable vecteur de coh\u00e9sion sociale et la transmissions de valeurs soci\u00e9tales qui permet de tenir enfants et jeunes adultes loin des d\u00e9rives que sont les drogues, le vol, l\u2019alcool..etc. The Langas Rugby Pioneers \u2013 \u00e9quipe cr\u00e9\u00e9e par Kia Kaha en 2021 avec les jeunes du bidonville de Langas et de l\u2019\u00e9cole Mwiruti Secondary School \u2013 Eldoret \u2013 Kenya. Apport de mat\u00e9riel sportif gr\u00e2ce aux contributions de notre partenaire M Com (D\u00e9stockage Kit Entrainement et Kit Match) \u2013 initiation, formation et entrainements de l\u2019\u00e9quipe avec les forces vives sur place, en l\u2019occurrence Vincent DELMAS, puis d\u00e9veloppement de l\u2019identit\u00e9 de l\u2019\u00e9quipe (nom, logo,\u2026) et couverture des frais de cantines gr\u00e2ce \u00e0 la campagne de dons particuliers !<br>One Kid, One Feed \u00bb. <br>Si ces 4 th\u00e8mes sont universels et s\u2019imposent comme des piliers en termes de politique RSE, KIA KAHA reste certainement \u00e0 l\u2019\u00e9coute de nouveaux projets de d\u00e9veloppement pour r\u00e9pondre \u00e0 de nouveaux besoins et \u00e9largir son champ d\u2019action en ad\u00e9quation avec les aspirations de votre entreprise. <\/p><\/div><\/div><div class=\"eb-accordion-wrapper eb-accordion-hidden\"><div class=\"eb-accordion-title-wrapper\"><span class=\"eb-accordion-icon-wrapper\"><span class=\"fas fa-angle-right eb-accordion-icon\"><\/span><\/span><h3 class=\"eb-accordion-title\"> <code><span class=\"chiffrevincent\">Etape 3  <\/span>Le suivi du projet et de son \u00e9volution dans le temps <\/code><\/h3><\/div><div class=\"eb-accordion-content-wrapper\"><p class=\"eb-accordion-content\"> <code>Suivez les actions permises par votre contribution et devenez partie prenante d\u2019un projet humanitaire \u00e0 moyen long terme\u2026 Mettez en avant l\u2019engagement et les valeurs de votre entreprise puis tirez en les b\u00e9n\u00e9fices indirects en vous nourrissant des sourires que vous avez g\u00e9n\u00e9r\u00e9s. <\/code><\/p><\/div><\/div><div class=\"eb-accordion-wrapper eb-accordion-hidden\"><div class=\"eb-accordion-title-wrapper\"><span class=\"eb-accordion-icon-wrapper\"><span class=\"fas fa-angle-right eb-accordion-icon\"><\/span><\/span><h3 class=\"eb-accordion-title\"> <code><span class=\"chiffrevincent\">Etape 4  <\/span>Le \u00ab next step \u00bb<\/code><\/h3><\/div><div class=\"eb-accordion-content-wrapper\"><p class=\"eb-accordion-content\"> <code>Kia Kaha vous offre l\u2019opportunit\u00e9 d\u2019aller toujours plus loin en vous permettant de vous impliquer \u00e0 votre \u00e9chelle : \u00eatre ambassadeur de l\u2019association, d\u00e9velopper de nouveaux projets \u00e0 l\u2019image de vos aspirations etc.. et naturellement plus l\u2019investissement personnel est grand, plus les retomb\u00e9es sont \u00e0 la hauteur. <\/code><br><code>Grace \u00e0 l\u2019expertise de Vincent dans le domaine du tourisme et son r\u00e9seau sur place, faites le pas qui vous enverra sans doute dans une autre dimension en vous rendant sur place pour \u00eatre l\u2019acteur direct de vos actions et ainsi vous impr\u00e9gner de leurs bienfaits chez ceux que vous avez g\u00e9n\u00e9reusement d\u00e9cid\u00e9 de soutenir. <\/code><br><code>Rendez visite \u00e0 vos prot\u00e9g\u00e9s pour r\u00e9ellement saisir l\u2019environnement dans lequel ils \u00e9voluent, en vivant aussi chez l\u2019habitant pour comprendre la nature et l\u2019impact de votre contribution. Profitez en ans pour faire de la coh\u00e9sion d\u2019\u00e9quipe, des incentives en r\u00e9ponse \u00e0 des challenges internes etc\u2026 <\/code><\/p><\/div><\/div><\/div><\/div><\/div>\n","protected":false},"excerpt":{"rendered":"<p>L&rsquo;ASSOCIATION POUR LES ENTREPRISES KIA KAHA est une association de loi 1901 qui vous accompagne pour d\u00e9finir et d\u00e9velopper de votre politique RSE (Responsabilit\u00e9 Sociale des Entreprises). Des par son statut \u00ab d\u2019utilit\u00e9 publique \u00bb, KIA KAHA ouvre droit \u00e0 une d\u00e9fiscalisation des dons. KIA KAHA a ainsi d\u00e9velopp\u00e9 le concept de \u00ab D\u00e9fiscalisation Ethique&hellip; <a class=\"more-link\" href=\"https:\/\/kia-kaha.fr\/?page_id=353\">Poursuivre la lecture <span class=\"screen-reader-text\">Association &#8211; Entreprise<\/span><\/a><\/p>\n","protected":false},"author":1,"featured_media":0,"parent":0,"menu_order":0,"comment_status":"closed","ping_status":"closed","template":"PageAsso.php","meta":{"_eb_attr":"","footnotes":""},"class_list":["post-353","page","type-page","status-publish","hentry","entry"],"yoast_head":"<!-- This site is optimized with the Yoast SEO plugin v18.0 - https:\/\/yoast.com\/wordpress\/plugins\/seo\/ -->\n<title>Association - Entreprise - Kia Kaha<\/title>\n<meta name=\"robots\" content=\"index, follow, max-snippet:-1, max-image-preview:large, max-video-preview:-1\" \/>\n<link rel=\"canonical\" href=\"https:\/\/kia-kaha.fr\/?page_id=353\" \/>\n<meta property=\"og:locale\" content=\"fr_FR\" \/>\n<meta property=\"og:type\" content=\"article\" \/>\n<meta property=\"og:title\" content=\"Association - Entreprise - Kia Kaha\" \/>\n<meta property=\"og:description\" content=\"L&rsquo;ASSOCIATION POUR LES ENTREPRISES KIA KAHA est une association de loi 1901 qui vous accompagne pour d\u00e9finir et d\u00e9velopper de votre politique RSE (Responsabilit\u00e9 Sociale des Entreprises). Des par son statut \u00ab d\u2019utilit\u00e9 publique \u00bb, KIA KAHA ouvre droit \u00e0 une d\u00e9fiscalisation des dons. KIA KAHA a ainsi d\u00e9velopp\u00e9 le concept de \u00ab D\u00e9fiscalisation Ethique&hellip; Poursuivre la lecture Association &#8211; Entreprise\" \/>\n<meta property=\"og:url\" content=\"https:\/\/kia-kaha.fr\/?page_id=353\" \/>\n<meta property=\"og:site_name\" content=\"Kia Kaha\" \/>\n<meta property=\"article:modified_time\" content=\"2022-03-15T16:09:55+00:00\" \/>\n<meta property=\"og:image\" content=\"http:\/\/kia-kaha.fr\/wp-content\/uploads\/2022\/03\/Photo-1-768x1024.jpg\" \/>\n<meta name=\"twitter:card\" content=\"summary_large_image\" \/>\n<meta name=\"twitter:label1\" content=\"Dur\u00e9e de lecture estim\u00e9e\" \/>\n\t<meta name=\"twitter:data1\" content=\"5 minutes\" \/>\n<script type=\"application\/ld+json\" class=\"yoast-schema-graph\">{\"@context\":\"https:\/\/schema.org\",\"@graph\":[{\"@type\":\"WebSite\",\"@id\":\"https:\/\/kia-kaha.fr\/#website\",\"url\":\"https:\/\/kia-kaha.fr\/\",\"name\":\"Kia Kaha\",\"description\":\"Slogan Vincent\",\"potentialAction\":[{\"@type\":\"SearchAction\",\"target\":{\"@type\":\"EntryPoint\",\"urlTemplate\":\"https:\/\/kia-kaha.fr\/?s={search_term_string}\"},\"query-input\":\"required name=search_term_string\"}],\"inLanguage\":\"fr-FR\"},{\"@type\":\"ImageObject\",\"@id\":\"https:\/\/kia-kaha.fr\/?page_id=353#primaryimage\",\"inLanguage\":\"fr-FR\",\"url\":\"http:\/\/kia-kaha.fr\/wp-content\/uploads\/2022\/03\/Photo-1-768x1024.jpg\",\"contentUrl\":\"http:\/\/kia-kaha.fr\/wp-content\/uploads\/2022\/03\/Photo-1-768x1024.jpg\"},{\"@type\":\"WebPage\",\"@id\":\"https:\/\/kia-kaha.fr\/?page_id=353#webpage\",\"url\":\"https:\/\/kia-kaha.fr\/?page_id=353\",\"name\":\"Association - Entreprise - Kia Kaha\",\"isPartOf\":{\"@id\":\"https:\/\/kia-kaha.fr\/#website\"},\"primaryImageOfPage\":{\"@id\":\"https:\/\/kia-kaha.fr\/?page_id=353#primaryimage\"},\"datePublished\":\"2022-02-21T12:29:32+00:00\",\"dateModified\":\"2022-03-15T16:09:55+00:00\",\"breadcrumb\":{\"@id\":\"https:\/\/kia-kaha.fr\/?page_id=353#breadcrumb\"},\"inLanguage\":\"fr-FR\",\"potentialAction\":[{\"@type\":\"ReadAction\",\"target\":[\"https:\/\/kia-kaha.fr\/?page_id=353\"]}]},{\"@type\":\"BreadcrumbList\",\"@id\":\"https:\/\/kia-kaha.fr\/?page_id=353#breadcrumb\",\"itemListElement\":[{\"@type\":\"ListItem\",\"position\":1,\"name\":\"Accueil\",\"item\":\"https:\/\/kia-kaha.fr\/\"},{\"@type\":\"ListItem\",\"position\":2,\"name\":\"Association &#8211; Entreprise\"}]}]}<\/script>\n<!-- \/ Yoast SEO plugin. -->","yoast_head_json":{"title":"Association - Entreprise - Kia Kaha","robots":{"index":"index","follow":"follow","max-snippet":"max-snippet:-1","max-image-preview":"max-image-preview:large","max-video-preview":"max-video-preview:-1"},"canonical":"https:\/\/kia-kaha.fr\/?page_id=353","og_locale":"fr_FR","og_type":"article","og_title":"Association - Entreprise - Kia Kaha","og_description":"L&rsquo;ASSOCIATION POUR LES ENTREPRISES KIA KAHA est une association de loi 1901 qui vous accompagne pour d\u00e9finir et d\u00e9velopper de votre politique RSE (Responsabilit\u00e9 Sociale des Entreprises). Des par son statut \u00ab d\u2019utilit\u00e9 publique \u00bb, KIA KAHA ouvre droit \u00e0 une d\u00e9fiscalisation des dons. KIA KAHA a ainsi d\u00e9velopp\u00e9 le concept de \u00ab D\u00e9fiscalisation Ethique&hellip; Poursuivre la lecture Association &#8211; Entreprise","og_url":"https:\/\/kia-kaha.fr\/?page_id=353","og_site_name":"Kia Kaha","article_modified_time":"2022-03-15T16:09:55+00:00","og_image":[{"url":"http:\/\/kia-kaha.fr\/wp-content\/uploads\/2022\/03\/Photo-1-768x1024.jpg"}],"twitter_card":"summary_large_image","twitter_misc":{"Dur\u00e9e de lecture estim\u00e9e":"5 minutes"},"schema":{"@context":"https:\/\/schema.org","@graph":[{"@type":"WebSite","@id":"https:\/\/kia-kaha.fr\/#website","url":"https:\/\/kia-kaha.fr\/","name":"Kia Kaha","description":"Slogan Vincent","potentialAction":[{"@type":"SearchAction","target":{"@type":"EntryPoint","urlTemplate":"https:\/\/kia-kaha.fr\/?s={search_term_string}"},"query-input":"required name=search_term_string"}],"inLanguage":"fr-FR"},{"@type":"ImageObject","@id":"https:\/\/kia-kaha.fr\/?page_id=353#primaryimage","inLanguage":"fr-FR","url":"http:\/\/kia-kaha.fr\/wp-content\/uploads\/2022\/03\/Photo-1-768x1024.jpg","contentUrl":"http:\/\/kia-kaha.fr\/wp-content\/uploads\/2022\/03\/Photo-1-768x1024.jpg"},{"@type":"WebPage","@id":"https:\/\/kia-kaha.fr\/?page_id=353#webpage","url":"https:\/\/kia-kaha.fr\/?page_id=353","name":"Association - Entreprise - Kia Kaha","isPartOf":{"@id":"https:\/\/kia-kaha.fr\/#website"},"primaryImageOfPage":{"@id":"https:\/\/kia-kaha.fr\/?page_id=353#primaryimage"},"datePublished":"2022-02-21T12:29:32+00:00","dateModified":"2022-03-15T16:09:55+00:00","breadcrumb":{"@id":"https:\/\/kia-kaha.fr\/?page_id=353#breadcrumb"},"inLanguage":"fr-FR","potentialAction":[{"@type":"ReadAction","target":["https:\/\/kia-kaha.fr\/?page_id=353"]}]},{"@type":"BreadcrumbList","@id":"https:\/\/kia-kaha.fr\/?page_id=353#breadcrumb","itemListElement":[{"@type":"ListItem","position":1,"name":"Accueil","item":"https:\/\/kia-kaha.fr\/"},{"@type":"ListItem","position":2,"name":"Association &#8211; Entreprise"}]}]}},"_links":{"self":[{"href":"https:\/\/kia-kaha.fr\/index.php?rest_route=\/wp\/v2\/pages\/353","targetHints":{"allow":["GET"]}}],"collection":[{"href":"https:\/\/kia-kaha.fr\/index.php?rest_route=\/wp\/v2\/pages"}],"about":[{"href":"https:\/\/kia-kaha.fr\/index.php?rest_route=\/wp\/v2\/types\/page"}],"author":[{"embeddable":true,"href":"https:\/\/kia-kaha.fr\/index.php?rest_route=\/wp\/v2\/users\/1"}],"replies":[{"embeddable":true,"href":"https:\/\/kia-kaha.fr\/index.php?rest_route=%2Fwp%2Fv2%2Fcomments&post=353"}],"version-history":[{"count":12,"href":"https:\/\/kia-kaha.fr\/index.php?rest_route=\/wp\/v2\/pages\/353\/revisions"}],"predecessor-version":[{"id":631,"href":"https:\/\/kia-kaha.fr\/index.php?rest_route=\/wp\/v2\/pages\/353\/revisions\/631"}],"wp:attachment":[{"href":"https:\/\/kia-kaha.fr\/index.php?rest_route=%2Fwp%2Fv2%2Fmedia&parent=353"}],"curies":[{"name":"wp","href":"https:\/\/api.w.org\/{rel}","templated":true}]}}